{"id":27073,"date":"2024-01-22T22:49:15","date_gmt":"2024-01-22T20:49:15","guid":{"rendered":"https:\/\/kayaholistic.ro\/dudesti\/?page_id=27073"},"modified":"2026-02-02T14:15:23","modified_gmt":"2026-02-02T12:15:23","slug":"program-kaya-martial-arts","status":"publish","type":"page","link":"https:\/\/kayaholistic.ro\/dudesti\/program\/program-kaya-martial-arts\/","title":{"rendered":"Program: Kaya Martial Arts\u200b"},"content":{"rendered":"\t\t<div data-elementor-type=\"wp-page\" data-elementor-id=\"27073\" class=\"elementor elementor-27073\" data-elementor-post-type=\"page\">\n\t\t\t\t\t\t<section class=\"elementor-section elementor-top-section elementor-element elementor-element-4e0d30a8 elementor-section-boxed elementor-section-height-default elementor-section-height-default\" data-id=\"4e0d30a8\" data-element_type=\"section\" data-e-type=\"section\">\n\t\t\t\t\t\t<div class=\"elementor-container elementor-column-gap-no\">\n\t\t\t\t\t<div class=\"elementor-column elementor-col-100 elementor-top-column elementor-element elementor-element-34fa438c\" data-id=\"34fa438c\" data-element_type=\"column\" data-e-type=\"column\">\n\t\t\t<div class=\"elementor-widget-wrap elementor-element-populated\">\n\t\t\t\t\t\t<div class=\"elementor-element elementor-element-29f22272 elementor-widget__width-auto elementor-widget elementor-widget-heading\" data-id=\"29f22272\" data-element_type=\"widget\" data-e-type=\"widget\" data-widget_type=\"heading.default\">\n\t\t\t\t\t<h1 class=\"elementor-heading-title elementor-size-default\">Program: arte mar\u021biale<\/h1>\t\t\t\t<\/div>\n\t\t\t\t<div class=\"elementor-element elementor-element-6f1af64e elementor-absolute elementor-widget elementor-widget-image\" data-id=\"6f1af64e\" data-element_type=\"widget\" data-e-type=\"widget\" data-settings=\"{&quot;_position&quot;:&quot;absolute&quot;}\" data-widget_type=\"image.default\">\n\t\t\t\t\t\t\t\t\t\t\t\t\t\t\t<img fetchpriority=\"high\" decoding=\"async\" width=\"400\" height=\"192\" src=\"https:\/\/kayaholistic.ro\/dudesti\/wp-content\/uploads\/2020\/10\/pattern.png\" class=\"attachment-large size-large wp-image-77\" alt=\"\" \/>\t\t\t\t\t\t\t\t\t\t\t\t\t\t\t<\/div>\n\t\t\t\t<div class=\"elementor-element elementor-element-6003a908 elementor-widget elementor-widget-text-editor\" data-id=\"6003a908\" data-element_type=\"widget\" data-e-type=\"widget\" data-widget_type=\"text-editor.default\">\n\t\t\t\t\t\t\t\t\t<p>Kaya Martial Arts &#8211; Descopera activitatile din spatiul nostru si alege cel mai bun mix de practici pentru tine.\u00a0<\/p>\t\t\t\t\t\t\t\t<\/div>\n\t\t\t\t\t<\/div>\n\t\t<\/div>\n\t\t\t\t\t<\/div>\n\t\t<\/section>\n\t\t<div class=\"elementor-element elementor-element-6593f610 e-flex e-con-boxed e-con e-parent\" data-id=\"6593f610\" data-element_type=\"container\" data-e-type=\"container\" id=\"program\">\n\t\t\t\t\t<div class=\"e-con-inner\">\n\t\t\t\t<div class=\"elementor-element elementor-element-1f0421c3 elementor-widget elementor-widget-heading\" data-id=\"1f0421c3\" data-element_type=\"widget\" data-e-type=\"widget\" data-widget_type=\"heading.default\">\n\t\t\t\t\t<h2 class=\"elementor-heading-title elementor-size-default\">Program Kaya Martial Arts<\/h2>\t\t\t\t<\/div>\n\t\t<div class=\"elementor-element elementor-element-74c5b14a elementor-hidden-mobile e-flex e-con-boxed e-con e-child\" data-id=\"74c5b14a\" data-element_type=\"container\" data-e-type=\"container\">\n\t\t\t\t\t<div class=\"e-con-inner\">\n\t\t\t\t<div class=\"elementor-element elementor-element-28e1faed elementor-widget elementor-widget-button\" data-id=\"28e1faed\" data-element_type=\"widget\" data-e-type=\"widget\" data-widget_type=\"button.default\">\n\t\t\t\t\t\t\t\t\t\t<a class=\"elementor-button elementor-size-sm\" role=\"button\">\n\t\t\t\t\t\t<span class=\"elementor-button-content-wrapper\">\n\t\t\t\t\t\t<span class=\"elementor-button-icon\">\n\t\t\t\t<svg aria-hidden=\"true\" class=\"e-font-icon-svg e-far-hand-point-down\" viewBox=\"0 0 448 512\" xmlns=\"http:\/\/www.w3.org\/2000\/svg\"><path d=\"M188.8 512c45.616 0 83.2-37.765 83.2-83.2v-35.647a93.148 93.148 0 0 0 22.064-7.929c22.006 2.507 44.978-3.503 62.791-15.985C409.342 368.1 448 331.841 448 269.299V248c0-60.063-40-98.512-40-127.2v-2.679c4.952-5.747 8-13.536 8-22.12V32c0-17.673-12.894-32-28.8-32H156.8C140.894 0 128 14.327 128 32v64c0 8.584 3.048 16.373 8 22.12v2.679c0 6.964-6.193 14.862-23.668 30.183l-.148.129-.146.131c-9.937 8.856-20.841 18.116-33.253 25.851C48.537 195.798 0 207.486 0 252.8c0 56.928 35.286 92 83.2 92 8.026 0 15.489-.814 22.4-2.176V428.8c0 45.099 38.101 83.2 83.2 83.2zm0-48c-18.7 0-35.2-16.775-35.2-35.2V270.4c-17.325 0-35.2 26.4-70.4 26.4-26.4 0-35.2-20.625-35.2-44 0-8.794 32.712-20.445 56.1-34.926 14.575-9.074 27.225-19.524 39.875-30.799 18.374-16.109 36.633-33.836 39.596-59.075h176.752C364.087 170.79 400 202.509 400 248v21.299c0 40.524-22.197 57.124-61.325 50.601-8.001 14.612-33.979 24.151-53.625 12.925-18.225 19.365-46.381 17.787-61.05 4.95V428.8c0 18.975-16.225 35.2-35.2 35.2zM328 64c0-13.255 10.745-24 24-24s24 10.745 24 24-10.745 24-24 24-24-10.745-24-24z\"><\/path><\/svg>\t\t\t<\/span>\n\t\t\t\t\t\t\t\t\t<span class=\"elementor-button-text\">Alege programul<\/span>\n\t\t\t\t\t<\/span>\n\t\t\t\t\t<\/a>\n\t\t\t\t\t\t\t\t<\/div>\n\t\t\t\t\t<\/div>\n\t\t\t\t<\/div>\n\t\t\t\t<div class=\"elementor-element elementor-element-dc8e81e elementor-widget elementor-widget-html\" data-id=\"dc8e81e\" data-element_type=\"widget\" data-e-type=\"widget\" data-widget_type=\"html.default\">\n\t\t\t\t\t<div class=\"maonrails-schedule\" attr-gym=\"AqzPr\" attr-schedule=\"6Zra3\" attr-program=\"all\"><\/div>\r\n\t\t\t\t<\/div>\n\t\t\t\t\t<\/div>\n\t\t\t\t<\/div>\n\t\t<div class=\"elementor-element elementor-element-6fee2c6a e-flex e-con-boxed e-con e-parent\" data-id=\"6fee2c6a\" data-element_type=\"container\" data-e-type=\"container\" id=\"rezerva\" data-settings=\"{&quot;background_background&quot;:&quot;classic&quot;}\">\n\t\t\t\t\t<div class=\"e-con-inner\">\n\t\t\t\t<div class=\"elementor-element elementor-element-62a7a2d2 elementor-widget elementor-widget-heading\" data-id=\"62a7a2d2\" data-element_type=\"widget\" data-e-type=\"widget\" data-widget_type=\"heading.default\">\n\t\t\t\t\t<h3 class=\"elementor-heading-title elementor-size-default\">F\u0103 o rezervare la Kaya Martial Arts<\/h3>\t\t\t\t<\/div>\n\t\t\t\t<div class=\"elementor-element elementor-element-4b43c770 elementor-widget elementor-widget-shortcode\" data-id=\"4b43c770\" data-element_type=\"widget\" data-e-type=\"widget\" data-widget_type=\"shortcode.default\">\n\t\t\t\t\t\t\t<div class=\"elementor-shortcode\"><div class=\"gymdesk-booking\" attr-gym=\"AqzPr\" attr-schedule=\"6Zra3\"><\/div><\/div>\n\t\t\t\t\t\t<\/div>\n\t\t\t\t\t<\/div>\n\t\t\t\t<\/div>\n\t\t<div class=\"elementor-element elementor-element-47c3e57 e-flex e-con-boxed e-con e-parent\" data-id=\"47c3e57\" data-element_type=\"container\" data-e-type=\"container\" data-settings=\"{&quot;background_background&quot;:&quot;classic&quot;}\">\n\t\t\t\t\t<div class=\"e-con-inner\">\n\t\t\t\t<div class=\"elementor-element elementor-element-743478b elementor-widget elementor-widget-template\" data-id=\"743478b\" data-element_type=\"widget\" data-e-type=\"widget\" data-widget_type=\"template.default\">\n\t\t\t\t<div class=\"elementor-widget-container\">\n\t\t\t\t\t\t\t<div class=\"elementor-template\">\n\t\t\t\t\t<div data-elementor-type=\"container\" data-elementor-id=\"31632\" class=\"elementor elementor-31632\" data-elementor-post-type=\"elementor_library\">\n\t\t\t\t<div class=\"elementor-element elementor-element-4fbd6ec e-con-full e-flex e-con e-parent\" data-id=\"4fbd6ec\" data-element_type=\"container\" data-e-type=\"container\">\n\t\t<div class=\"elementor-element elementor-element-01c0034 e-con-full e-flex e-con e-child\" data-id=\"01c0034\" data-element_type=\"container\" data-e-type=\"container\" data-settings=\"{&quot;background_background&quot;:&quot;classic&quot;}\">\n\t\t\t\t<div class=\"elementor-element elementor-element-037fa49 elementor-widget elementor-widget-image-box\" data-id=\"037fa49\" data-element_type=\"widget\" data-e-type=\"widget\" data-widget_type=\"image-box.default\">\n\t\t\t\t\t<div class=\"elementor-image-box-wrapper\"><div class=\"elementor-image-box-content\"><h3 class=\"elementor-image-box-title\">Gift Card Kaya Holistic<\/h3><p class=\"elementor-image-box-description\">Alege un Gift Card Kaya Holistic pentru cei dragi! <br>\nSelecteaz\u0103 suma preferat\u0103, completeaz\u0103 formularul \u0219i f\u0103 un cadou special persoanelor importante din via\u021ba ta!\n<\/p><\/div><\/div>\t\t\t\t<\/div>\n\t\t\t\t<div class=\"elementor-element elementor-element-cb25f39 elementor-tablet-align-left elementor-mobile-align-center elementor-widget elementor-widget-button\" data-id=\"cb25f39\" data-element_type=\"widget\" data-e-type=\"widget\" data-widget_type=\"button.default\">\n\t\t\t\t\t\t\t\t\t\t<a class=\"elementor-button elementor-button-link elementor-size-sm\" href=\"\/voucher-cadou-kaya-holistic\/\">\n\t\t\t\t\t\t<span class=\"elementor-button-content-wrapper\">\n\t\t\t\t\t\t\t\t\t<span class=\"elementor-button-text\">Cump\u0103r\u0103 Gift Card<\/span>\n\t\t\t\t\t<\/span>\n\t\t\t\t\t<\/a>\n\t\t\t\t\t\t\t\t<\/div>\n\t\t\t\t<\/div>\n\t\t<div class=\"elementor-element elementor-element-38ee73e e-con-full e-flex e-con e-child\" data-id=\"38ee73e\" data-element_type=\"container\" data-e-type=\"container\" data-settings=\"{&quot;background_background&quot;:&quot;classic&quot;}\">\n\t\t\t\t<div class=\"elementor-element elementor-element-c594446 elementor-widget__width-initial elementor-widget elementor-widget-image\" data-id=\"c594446\" data-element_type=\"widget\" data-e-type=\"widget\" data-widget_type=\"image.default\">\n\t\t\t\t\t\t\t\t\t\t\t\t\t\t\t\t<a href=\"\/voucher-cadou-kaya-holistic\/\">\n\t\t\t\t\t\t\t<img decoding=\"async\" width=\"1000\" height=\"750\" src=\"https:\/\/kayaholistic.ro\/dudesti\/wp-content\/uploads\/2026\/02\/Gift-Card-website.jpg\" class=\"attachment-full size-full wp-image-33643\" alt=\"\" srcset=\"https:\/\/kayaholistic.ro\/dudesti\/wp-content\/uploads\/2026\/02\/Gift-Card-website.jpg 1000w, https:\/\/kayaholistic.ro\/dudesti\/wp-content\/uploads\/2026\/02\/Gift-Card-website-450x338.jpg 450w, https:\/\/kayaholistic.ro\/dudesti\/wp-content\/uploads\/2026\/02\/Gift-Card-website-768x576.jpg 768w, https:\/\/kayaholistic.ro\/dudesti\/wp-content\/uploads\/2026\/02\/Gift-Card-website-16x12.jpg 16w, https:\/\/kayaholistic.ro\/dudesti\/wp-content\/uploads\/2026\/02\/Gift-Card-website-300x225.jpg 300w, https:\/\/kayaholistic.ro\/dudesti\/wp-content\/uploads\/2026\/02\/Gift-Card-website-600x450.jpg 600w\" sizes=\"(max-width: 1000px) 100vw, 1000px\" \/>\t\t\t\t\t\t\t\t<\/a>\n\t\t\t\t\t\t\t\t\t\t\t\t\t\t\t<\/div>\n\t\t\t\t<\/div>\n\t\t\t\t<\/div>\n\t\t\t\t<\/div>\n\t\t\t\t<\/div>\n\t\t\t\t\t\t<\/div>\n\t\t\t\t<\/div>\n\t\t\t\t\t<\/div>\n\t\t\t\t<\/div>\n\t\t\t\t<\/div>\n\t\t","protected":false},"excerpt":{"rendered":"<p>Program: arte mar\u021biale Kaya Martial Arts &#8211; Descopera activitatile din spatiul nostru si alege cel mai bun mix de practici [&hellip;]<\/p>\n","protected":false},"author":1,"featured_media":26301,"parent":25010,"menu_order":4,"comment_status":"closed","ping_status":"closed","template":"","meta":{"_acf_changed":false,"site-sidebar-layout":"no-sidebar","site-content-layout":"page-builder","ast-site-content-layout":"full-width-container","site-content-style":"default","site-sidebar-style":"default","ast-global-header-display":"","ast-banner-title-visibility":"","ast-main-header-display":"","ast-hfb-above-header-display":"","ast-hfb-below-header-display":"","ast-hfb-mobile-header-display":"","site-post-title":"disabled","ast-breadcrumbs-content":"","ast-featured-img":"disabled","footer-sml-layout":"","ast-disable-related-posts":"","theme-transparent-header-meta":"","adv-header-id-meta":"","stick-header-meta":"","header-above-stick-meta":"","header-main-stick-meta":"","header-below-stick-meta":"","astra-migrate-meta-layouts":"set","ast-page-background-enabled":"default","ast-page-background-meta":{"desktop":{"background-color":"","background-image":"","background-repeat":"repeat","background-position":"center center","background-size":"auto","background-attachment":"scroll","background-type":"","background-media":"","overlay-type":"","overlay-color":"","overlay-opacity":"","overlay-gradient":""},"tablet":{"background-color":"","background-image":"","background-repeat":"repeat","background-position":"center center","background-size":"auto","background-attachment":"scroll","background-type":"","background-media":"","overlay-type":"","overlay-color":"","overlay-opacity":"","overlay-gradient":""},"mobile":{"background-color":"","background-image":"","background-repeat":"repeat","background-position":"center center","background-size":"auto","background-attachment":"scroll","background-type":"","background-media":"","overlay-type":"","overlay-color":"","overlay-opacity":"","overlay-gradient":""}},"ast-content-background-meta":{"desktop":{"background-color":"var(--ast-global-color-5)","background-image":"","background-repeat":"repeat","background-position":"center center","background-size":"auto","background-attachment":"scroll","background-type":"","background-media":"","overlay-type":"","overlay-color":"","overlay-opacity":"","overlay-gradient":""},"tablet":{"background-color":"var(--ast-global-color-5)","background-image":"","background-repeat":"repeat","background-position":"center center","background-size":"auto","background-attachment":"scroll","background-type":"","background-media":"","overlay-type":"","overlay-color":"","overlay-opacity":"","overlay-gradient":""},"mobile":{"background-color":"var(--ast-global-color-5)","background-image":"","background-repeat":"repeat","background-position":"center center","background-size":"auto","background-attachment":"scroll","background-type":"","background-media":"","overlay-type":"","overlay-color":"","overlay-opacity":"","overlay-gradient":""}},"footnotes":""},"class_list":["post-27073","page","type-page","status-publish","has-post-thumbnail","hentry"],"acf":[],"_links":{"self":[{"href":"https:\/\/kayaholistic.ro\/dudesti\/wp-json\/wp\/v2\/pages\/27073","targetHints":{"allow":["GET"]}}],"collection":[{"href":"https:\/\/kayaholistic.ro\/dudesti\/wp-json\/wp\/v2\/pages"}],"about":[{"href":"https:\/\/kayaholistic.ro\/dudesti\/wp-json\/wp\/v2\/types\/page"}],"author":[{"embeddable":true,"href":"https:\/\/kayaholistic.ro\/dudesti\/wp-json\/wp\/v2\/users\/1"}],"replies":[{"embeddable":true,"href":"https:\/\/kayaholistic.ro\/dudesti\/wp-json\/wp\/v2\/comments?post=27073"}],"version-history":[{"count":5,"href":"https:\/\/kayaholistic.ro\/dudesti\/wp-json\/wp\/v2\/pages\/27073\/revisions"}],"predecessor-version":[{"id":33433,"href":"https:\/\/kayaholistic.ro\/dudesti\/wp-json\/wp\/v2\/pages\/27073\/revisions\/33433"}],"up":[{"embeddable":true,"href":"https:\/\/kayaholistic.ro\/dudesti\/wp-json\/wp\/v2\/pages\/25010"}],"wp:featuredmedia":[{"embeddable":true,"href":"https:\/\/kayaholistic.ro\/dudesti\/wp-json\/wp\/v2\/media\/26301"}],"wp:attachment":[{"href":"https:\/\/kayaholistic.ro\/dudesti\/wp-json\/wp\/v2\/media?parent=27073"}],"curies":[{"name":"wp","href":"https:\/\/api.w.org\/{rel}","templated":true}]}}