{"id":31895,"date":"2024-10-01T16:47:01","date_gmt":"2024-10-01T13:47:01","guid":{"rendered":"https:\/\/kayaholistic.ro\/cotroceni\/politica-de-cookies-2\/"},"modified":"2025-01-23T14:20:16","modified_gmt":"2025-01-23T12:20:16","slug":"politica-de-cookies","status":"publish","type":"page","link":"https:\/\/kayaholistic.ro\/cotroceni\/politica-de-cookies\/","title":{"rendered":"Politica de cookies"},"content":{"rendered":"\n<h1 class=\"wp-block-heading\">Politica de cookies<\/h1>\n\n\n\n<p><em>Aceast\u0103 Politic\u0103 cookie-uri a fost actualizat\u0103 ultima dat\u0103 pe 1 Oct 2024 \u0219i se aplic\u0103 cet\u0103\u021benilor \u0219i reziden\u021bilor permanen\u021bi din Spa\u021biul Economic European \u0219i Elve\u021bia.<\/em><\/p>\n\n\n\n<h2 class=\"wp-block-heading\">1. Introducere<\/h2>\n\n\n\n<p>Site-ul nostru,&nbsp;<a href=\"https:\/\/kayaholistic.ro\/cotroceni\/\">https:\/\/kayaholistic.ro\/cotroceni<\/a>&nbsp;(numit \u00een continuare \u201esite-ul\u201d), folose\u0219te cookie-uri \u0219i alte tehnologii similare (pentru comoditate, toate tehnologiile sunt numite \u00een continuare \u201ecookie-uri\u201d). Cookie-urile sunt plasate \u0219i de ter\u021bii cu care colabor\u0103m. \u00cen documentul de mai jos te inform\u0103m despre modul cum folosim cookie-uri pe site-ul nostru.<\/p>\n\n\n\n<h2 class=\"wp-block-heading\">2. Ce sunt cookie-urile?<\/h2>\n\n\n\n<p>Un cookie este un fi\u0219ier simplu, de mici dimensiuni, care este trimis \u00eempreun\u0103 cu paginile acestui site web \u0219i stocat de navigatorul t\u0103u pe hard diskul computerului sau al altui dispozitiv. Informa\u021biile stocate acolo pot fi trimise \u00eenapoi c\u0103tre serverele noastre sau serverele ter\u021bilor relevan\u021bi, \u00een timpul unei vizite ulterioare.<\/p>\n\n\n\n<h2 class=\"wp-block-heading\">3. Ce sunt scripturile?<\/h2>\n\n\n\n<p>Un script este un fragment de cod (de program), utilizat pentru ca site-ul nostru s\u0103 func\u021bioneze corect \u0219i interactiv. Acest cod este executat pe serverul nostru sau pe dispozitivul t\u0103u.<\/p>\n\n\n\n<h2 class=\"wp-block-heading\">4. Ce este un web beacon?<\/h2>\n\n\n\n<p>Un \u201eweb beacon\u201d (sau un \u201epixel tag\u201d, adic\u0103 o etichet\u0103-pixel) este un mic fragment invizibil de text, sau o imagine, care este plasat\u0103 pe un site web pentru a monitoriza traficul. Pentru realizarea monitoriz\u0103rii traficului, web beacons pot stoca diverse date despre tine.<\/p>\n\n\n\n<h2 class=\"wp-block-heading\">5. Cookie-uri<\/h2>\n\n\n\n<p>5.1 Cookie-uri tehnice sau func\u021bionale<\/p>\n\n\n\n<p>Unele cookie-uri se asigur\u0103 c\u0103 anumite p\u0103r\u021bi ale site-ului func\u021bioneaz\u0103 corect \u0219i c\u0103 preferin\u021bele tale de utilizator r\u0103m\u00e2n cunoscute. Prin plasarea cookie-urilor func\u021bionale, \u00ee\u021bi este mai u\u0219or s\u0103 vizitezi site-ul nostru. \u00cen acest fel, nu trebuie s\u0103 introduci \u00een mod repetat acelea\u0219i informa\u021bii atunci c\u00e2nd vizitezi site-ul nostru \u0219i, de exemplu, articolele r\u0103m\u00e2n \u00een co\u0219ul de cump\u0103r\u0103turi p\u00e2n\u0103 c\u00e2nd pl\u0103te\u0219ti. Putem plasa aceste cookie-uri f\u0103r\u0103 consim\u021b\u0103m\u00e2ntul t\u0103u.<\/p>\n\n\n\n<p>5.2 Cookie-uri statistice<\/p>\n\n\n\n<p>Folosim cookie-uri statistice pentru a optimiza experien\u021ba de utilizare a site-ului pentru utilizatorii no\u0219tri. Cu aceste cookie-uri statistice ob\u021binem informa\u021bii despre utilizarea site-ului nostru.&nbsp;\u00ce\u021bi cerem permisiunea de a plasa cookie-uri statistice.<\/p>\n\n\n\n<p>5.3 Cookie-uri publicitare<\/p>\n\n\n\n<p>Pe acest site folosim cookie-uri de publicitate care ne permit s\u0103 colect\u0103m informa\u021bii despre rezultatele campaniei. Facem asta pe baza unui profil pe care \u00eel cre\u0103m \u00een urma comportamentului t\u0103u pe&nbsp;<a href=\"https:\/\/kayaholistic.ro\/cotroceni\/\">https:\/\/kayaholistic.ro\/cotroceni<\/a>. Cu aceste cookie-uri, \u00een calitate de vizitator al site-ului, \u00ee\u021bi acord\u0103m un ID unic, dar aceste cookie-uri nu vor crea un profil \u00een func\u021bie de comportamentul \u0219i interesele tale ca s\u0103-\u021bi servim reclame personalizate.<\/p>\n\n\n\n<p>5.4 Cookie-uri pentru marketing\/urm\u0103rire<\/p>\n\n\n\n<p>Cookie-urile de marketing\/urm\u0103rire sunt cookie-uri (sau orice alt\u0103 form\u0103 de stocare local\u0103), utilizate \u00een crearea profilurilor de utilizator, pentru a afi\u0219a publicitate sau pentru a urm\u0103ri utilizatorul pe acest site ori pe mai multe site-uri, \u00een scopuri de marketing similare.<\/p>\n\n\n\n<p>Deoarece aceste cookie-uri sunt clasificate ca fiind cookie-uri de urm\u0103rire, \u00ee\u021bi cerem permisiunea pentru a le plasa.<\/p>\n\n\n\n<p>5.5 Media social\u0103<\/p>\n\n\n\n<p>Pe site-ul nostru web, am inclus con\u021binut de la Facebook, WhatsApp, Instagram \u0219i TikTok pentru a promova pagini web (de exemplu, \u201elike\u201d, \u201epin\u201d) sau a le distribui (de exemplu, \u201etweet\u201d) pe re\u021bele sociale precum Facebook, WhatsApp, Instagram \u0219i TikTok. Acest con\u021binut este \u00eencorporat cu cod derivat din Facebook, WhatsApp, Instagram \u0219i TikTok \u0219i plaseaz\u0103 cookie-uri. Acest con\u021binut poate stoca \u0219i procesa anumite informa\u021bii pentru publicitate personalizat\u0103.<\/p>\n\n\n\n<p>Te rug\u0103m s\u0103 cite\u0219ti declara\u021bia de confiden\u021bialitate a acestor re\u021bele sociale (care se pot modifica \u00een mod regulat) pentru a afla ce fac cu datele tale (personale) pe care le proceseaz\u0103 folosind aceste cookie-uri. Datele preluate sunt anonimizate pe c\u00e2t de mult posibil. Facebook, WhatsApp, Instagram \u0219i TikTok se afl\u0103 \u00een Statele Unite.<\/p>\n\n\n\n<h2 class=\"wp-block-heading\">6. Cookie-uri plasate<\/h2>\n\n\n\n<h3 class=\"wp-block-heading\">Elementor<\/h3>\n\n\n\n<p>Statistici (anonim)<\/p>\n\n\n\n<h3 class=\"wp-block-heading\">WordPress<\/h3>\n\n\n\n<p>Func\u021bional<\/p>\n\n\n\n<h3 class=\"wp-block-heading\">Polylang<\/h3>\n\n\n\n<p>Func\u021bional<\/p>\n\n\n\n<h3 class=\"wp-block-heading\">Google reCAPTCHA<\/h3>\n\n\n\n<p>Func\u021bional<\/p>\n\n\n\n<h3 class=\"wp-block-heading\">Google Maps<\/h3>\n\n\n\n<p>Func\u021bional<\/p>\n\n\n\n<h3 class=\"wp-block-heading\">Facebook<\/h3>\n\n\n\n<p>Marketing, Func\u021bional<\/p>\n\n\n\n<h3 class=\"wp-block-heading\">WhatsApp<\/h3>\n\n\n\n<p>Func\u021bional<\/p>\n\n\n\n<h3 class=\"wp-block-heading\">Stripe<\/h3>\n\n\n\n<p>Func\u021bional<\/p>\n\n\n\n<h3 class=\"wp-block-heading\">Google Analytics<\/h3>\n\n\n\n<p>Statistici<\/p>\n\n\n\n<h3 class=\"wp-block-heading\">Calendly<\/h3>\n\n\n\n<p>Func\u021bional<a href=\"https:\/\/cookiedatabase.org\/service\/calendly\/\" target=\"_blank\" rel=\"noreferrer noopener\"><\/a><a href=\"https:\/\/calendly.com\/pages\/privacy\" target=\"_blank\" rel=\"noreferrer noopener\"><\/a><a href=\"https:\/\/cookiedatabase.org\/cookie\/calendly\/_calendly_session\/\" target=\"_blank\" rel=\"noreferrer noopener\"><\/a><\/p>\n\n\n\n<h5 class=\"wp-block-heading\">Google Fonts<\/h5>\n\n\n\n<p>Marketing<\/p>\n\n\n\n<h2 class=\"wp-block-heading\">7. Consim\u021b\u0103m\u00e2nt<\/h2>\n\n\n\n<p>C\u00e2nd vizitezi prima dat\u0103 site-ul nostru, \u00ee\u021bi vom ar\u0103ta un popup cu explica\u021bii despre cookie-uri. Dup\u0103 ce dai clic pe \u201eAccept\u0103\u201d, ne-ai dat consim\u021b\u0103m\u00e2ntul s\u0103 folosim toate cookie-urile \u0219i modulele care au fost descrise \u00een aceast\u0103 Politic\u0103 privind cookie-urile. Po\u021bi dezactiva folosirea cookie-urilor \u00een navigatorul t\u0103u, dar te rog re\u021bine c\u0103 site-ul nostru s-ar putea s\u0103 nu mai func\u021bioneze a\u0219a cum trebuie.<\/p>\n\n\n\n<p>7.1 Administreaz\u0103 set\u0103rile pentru consim\u021b\u0103m\u00e2ntFunc\u021bionaleMereu activStatisticiStatisticiMarketingMarketing<\/p>\n\n\n\n<h2 class=\"wp-block-heading\">8. Activarea\/dezactivarea \u0219i \u0219tergerea cookie-urilor<\/h2>\n\n\n\n<p>Po\u021bi utiliza navigatorul t\u0103u de internet pentru a \u0219terge automat sau manual cookie-urile. De asemenea, po\u021bi specifica faptul c\u0103 anumite cookie-uri nu pot fi plasate. O alt\u0103 op\u021biune este s\u0103 modifici set\u0103rile navigatorului de internet, astfel \u00eenc\u00e2t s\u0103 prime\u0219ti un mesaj de fiecare dat\u0103 c\u00e2nd este plasat un fi\u0219ier cookie. Pentru mai multe informa\u021bii despre aceste op\u021biuni, te rug\u0103m s\u0103 consul\u021bi instruc\u021biunile din sec\u021biunea Ajutor a navigatorului t\u0103u.<\/p>\n\n\n\n<p>Te rog s\u0103 re\u021bii c\u0103 site-ul nostru s-ar putea s\u0103 nu func\u021bioneze corect dac\u0103 sunt dezactivate toate cookie-urile. Dac\u0103 \u0219tergi cookie-urile din navigatorul t\u0103u, ele vor fi plasate din nou dup\u0103 ce \u00ee\u021bi dai consim\u021b\u0103m\u00e2ntul c\u00e2nd vizitezi din nou site-ul nostru.<\/p>\n\n\n\n<h2 class=\"wp-block-heading\">9. Drepturile tale asupra datelor cu caracter personal<\/h2>\n\n\n\n<p>Ai urm\u0103toarele drepturi asupra datelor cu caracter personal:<\/p>\n\n\n\n<ul class=\"wp-block-list\">\n<li>Ai dreptul s\u0103 \u0219tii de ce sunt necesare datele tale cu caracter personal, ce vom face cu ele \u0219i c\u00e2t timp vor fi p\u0103strate.<\/li>\n\n\n\n<li>Dreptul de acces: ai dreptul de a-\u021bi accesa datele cu caracter personal pe care le-am colectat.<\/li>\n\n\n\n<li>Dreptul la rectificare: ai dreptul de a completa, corecta, \u0219terge sau bloca datele tale cu caracter personal oric\u00e2nd vrei.<\/li>\n\n\n\n<li>Dac\u0103 ne dai consim\u021b\u0103m\u00e2ntul s\u0103-\u021bi prelucr\u0103m datele, ai dreptul de a revoca consim\u021b\u0103m\u00e2ntul \u0219i s\u0103 ceri \u0219tergerea tuturor datele cu caracter personal.<\/li>\n\n\n\n<li>Dreptul de a-\u021bi transfera datele: ai dreptul s\u0103 ceri toate datele tale cu caracter personal de la operator \u0219i s\u0103 le transferi \u00een \u00eentregime la un alt operator.<\/li>\n\n\n\n<li>Dreptul de a obiecta: te po\u021bi opune prelucr\u0103rii datelor tale. Respect\u0103m acest lucru, cu excep\u021bia cazului \u00een care exist\u0103 motive justificate pentru prelucrare.<\/li>\n<\/ul>\n\n\n\n<p>Pentru exercitarea acestor drepturi, te rug\u0103m s\u0103 ne contactezi. Te rug\u0103m s\u0103 folose\u0219ti detaliile de contact din partea de jos a acestei Politici privind cookie-urile. Dac\u0103 ai o reclama\u021bie cu privire la modul \u00een care gestion\u0103m datele tale, am dori s\u0103 ne comunici acest lucru, dar ai \u0219i dreptul de a depune o reclama\u021bie la autoritatea de supraveghere (Autoritatea Na\u021bional\u0103 de Supraveghere a Prelucr\u0103rii Datelor cu Caracter Personal).<\/p>\n\n\n\n<h2 class=\"wp-block-heading\">10. Date de contact<\/h2>\n\n\n\n<p>Pentru \u00eentreb\u0103ri \u0219i\/sau comentarii \u00een leg\u0103tur\u0103 cu Politica noastr\u0103 privind cookie-urile \u0219i aceast\u0103 declara\u021bie, te rog contacteaz\u0103-ne folosind urm\u0103toarele informa\u021bii de contact:<\/p>\n\n\n\n<p>KAYA HOLISTIC SRL<br>Calea Dude\u0219ti 101, Bucharest, 031083<br>Rom\u00e2nia<br>Site web:&nbsp;<a href=\"https:\/\/kayaholistic.ro\/cotroceni\/\">https:\/\/kayaholistic.ro\/cotroceni<\/a><br>Email:&nbsp;contact@kayaholistic.ro<br>Num\u0103r de telefon: +40753179553<\/p>\n","protected":false},"excerpt":{"rendered":"<p>Politica de cookies Aceast\u0103 Politic\u0103 cookie-uri a fost actualizat\u0103 ultima dat\u0103 pe 1 Oct 2024 \u0219i se aplic\u0103 cet\u0103\u021benilor \u0219i [&hellip;]<\/p>\n","protected":false},"author":1,"featured_media":0,"parent":0,"menu_order":64,"comment_status":"closed","ping_status":"closed","template":"","meta":{"_acf_changed":false,"site-sidebar-layout":"default","site-content-layout":"","ast-site-content-layout":"default","site-content-style":"default","site-sidebar-style":"default","ast-global-header-display":"","ast-banner-title-visibility":"","ast-main-header-display":"","ast-hfb-above-header-display":"","ast-hfb-below-header-display":"","ast-hfb-mobile-header-display":"","site-post-title":"","ast-breadcrumbs-content":"","ast-featured-img":"","footer-sml-layout":"","ast-disable-related-posts":"","theme-transparent-header-meta":"","adv-header-id-meta":"","stick-header-meta":"","header-above-stick-meta":"","header-main-stick-meta":"","header-below-stick-meta":"","astra-migrate-meta-layouts":"set","ast-page-background-enabled":"default","ast-page-background-meta":{"desktop":{"background-color":"","background-image":"","background-repeat":"repeat","background-position":"center center","background-size":"auto","background-attachment":"scroll","background-type":"","background-media":"","overlay-type":"","overlay-color":"","overlay-opacity":"","overlay-gradient":""},"tablet":{"background-color":"","background-image":"","background-repeat":"repeat","background-position":"center center","background-size":"auto","background-attachment":"scroll","background-type":"","background-media":"","overlay-type":"","overlay-color":"","overlay-opacity":"","overlay-gradient":""},"mobile":{"background-color":"","background-image":"","background-repeat":"repeat","background-position":"center center","background-size":"auto","background-attachment":"scroll","background-type":"","background-media":"","overlay-type":"","overlay-color":"","overlay-opacity":"","overlay-gradient":""}},"ast-content-background-meta":{"desktop":{"background-color":"var(--ast-global-color-5)","background-image":"","background-repeat":"repeat","background-position":"center center","background-size":"auto","background-attachment":"scroll","background-type":"","background-media":"","overlay-type":"","overlay-color":"","overlay-opacity":"","overlay-gradient":""},"tablet":{"background-color":"var(--ast-global-color-5)","background-image":"","background-repeat":"repeat","background-position":"center center","background-size":"auto","background-attachment":"scroll","background-type":"","background-media":"","overlay-type":"","overlay-color":"","overlay-opacity":"","overlay-gradient":""},"mobile":{"background-color":"var(--ast-global-color-5)","background-image":"","background-repeat":"repeat","background-position":"center center","background-size":"auto","background-attachment":"scroll","background-type":"","background-media":"","overlay-type":"","overlay-color":"","overlay-opacity":"","overlay-gradient":""}},"footnotes":""},"class_list":["post-31895","page","type-page","status-publish","hentry"],"acf":[],"_links":{"self":[{"href":"https:\/\/kayaholistic.ro\/cotroceni\/wp-json\/wp\/v2\/pages\/31895","targetHints":{"allow":["GET"]}}],"collection":[{"href":"https:\/\/kayaholistic.ro\/cotroceni\/wp-json\/wp\/v2\/pages"}],"about":[{"href":"https:\/\/kayaholistic.ro\/cotroceni\/wp-json\/wp\/v2\/types\/page"}],"author":[{"embeddable":true,"href":"https:\/\/kayaholistic.ro\/cotroceni\/wp-json\/wp\/v2\/users\/1"}],"replies":[{"embeddable":true,"href":"https:\/\/kayaholistic.ro\/cotroceni\/wp-json\/wp\/v2\/comments?post=31895"}],"version-history":[{"count":0,"href":"https:\/\/kayaholistic.ro\/cotroceni\/wp-json\/wp\/v2\/pages\/31895\/revisions"}],"wp:attachment":[{"href":"https:\/\/kayaholistic.ro\/cotroceni\/wp-json\/wp\/v2\/media?parent=31895"}],"curies":[{"name":"wp","href":"https:\/\/api.w.org\/{rel}","templated":true}]}}