{"id":26515,"date":"2024-12-08T01:42:03","date_gmt":"2024-12-07T23:42:03","guid":{"rendered":"https:\/\/kayaholistic.ro\/cotroceni\/gift-voucher\/"},"modified":"2026-02-26T12:33:17","modified_gmt":"2026-02-26T10:33:17","slug":"voucher-cadou-kaya-holistic","status":"publish","type":"page","link":"https:\/\/kayaholistic.ro\/cotroceni\/en\/voucher-cadou-kaya-holistic\/","title":{"rendered":"Gift Card"},"content":{"rendered":"<style type=\"text\/css\">\n        #voucher-multistep-form .secondRightDiv .cardDiv{\n            background-color: #044a37!important;\n        }\n        #voucher-multistep-form.wizard>.steps .done a,\n        #voucher-multistep-form.wizard>.steps .done a:hover,\n        #voucher-multistep-form.wizard>.steps .done a:active,\n        #voucher-multistep-form.wizard>.actions a,\n        #voucher-multistep-form.wizard>.actions a:hover,\n        #voucher-multistep-form.wizard>.actions a:active,\n        #voucher-multistep-form .voucherPreviewButton button,\n        #voucher-multistep-form #voucherPaymentButton,\n        #voucher-multistep-form .sin-template input[type=\"radio\"]:checked:before,\n        .buying-options div.selected, .shipping-options div.selected {\n            background-color: #278575!important;\n        }\n        #voucher-multistep-form .content .voucherform .form-group input[type=\"text\"],\n        #voucher-multistep-form .content .form-group input[type=\"email\"],\n        #voucher-multistep-form .content .form-group input[type=\"tel\"],\n        #voucher-multistep-form .content .form-group input[type=\"number\"],\n        #voucher-multistep-form .content .form-group select,\n        #voucher-multistep-form .content .form-group textarea,\n        #voucher-multistep-form .content .sin-template label.selectImage {\n            border-color: #278575!important;\n        }\n        #voucher-multistep-form .paymentUserInfo .full,\n        #voucher-multistep-form .paymentUserInfo .half,\n        #voucher-multistep-form .secondRightDiv .voucherBottomDiv h2,\n        #voucher-multistep-form .voucherBottomDiv .termsCard,\n        #voucher-multistep-form .voucherBottomDiv .voucherSiteInfo a {\n            color: #faf8f4!important;\n        }\n        #voucher-multistep-form.wizard>.content>.body .voucherBottomDiv label{\n            color:  #faf8f4!important;\n        }\n        #voucher-multistep-form.wizard>.content>.body.loading.current:after {\n            content: url(https:\/\/kayaholistic.ro\/cotroceni\/wp-content\/uploads\/2023\/12\/loading.gif) !important;\n        }\n    <\/style><form name=\"voucherform\" id=\"voucher-multistep-form\" action=\"https:\/\/kayaholistic.ro\/cotroceni\/en\/wp-json\/wp\/v2\/pages\/26515\" enctype=\"multipart\/form-data\">\n        <input type=\"hidden\" name=\"voucher_form_verify\" value=\"3df0dcc17d\">\n        <input type=\"hidden\" name=\"wpgv_total_price\" id=\"total_price\">\n        <input type=\"hidden\" name=\"wpgv_website_commission_price\" id=\"website_commission_price\" data-price=\"0\">\n        <h3>Select Templates<\/h3>\n        <fieldset>\n            <legend>Select Templates<\/legend><div class=\"voucher-row\"><div class=\"vouchercol3\"><div class=\"sin-template\"><label for=\"template_id4\"><img decoding=\"async\" src=\"https:\/\/kayaholistic.ro\/cotroceni\/wp-content\/uploads\/2026\/02\/Gift-Card-website-300x225.jpg\" width=\"\"\/><span>Gift Card Kaya Holistic<\/span><\/label><input type=\"radio\" name=\"template_id\" value=\"4\" id=\"template_id4\" class=\"required\"><\/div><\/div><\/div><\/fieldset>\n\n\t<h3>Personalise<\/h3>\n\t<fieldset>\n\t\t<legend>Personalise<\/legend><div class=\"voucher-row\">\n\t\t<div class=\"voucherform secondLeft\">\n            <div class=\"form-group\">\n                \n            <\/div>\n            <input type=\"hidden\" name=\"buying_for\" id=\"buying_for\" value=\"someone_else\">\n            <div class=\"form-group\">\n                <label for=\"voucherForName\">Your Name <sup>*<\/sup><\/label>\n                <input type=\"text\" name=\"voucherForName\" id=\"voucherForName\" class=\"required\">\n            <\/div>\n            <div class=\"form-group fromname\">\n                <label for=\"voucherFromName\">Recipient Name <sup>*<\/sup><\/label>\n                <input type=\"text\" name=\"voucherFromName\" id=\"voucherFromName\" class=\"required\">\n            <\/div>\n            <div class=\"form-group\">\n                <label for=\"voucherAmount\">Voucher Value (Min Voucher Value 100,00 RON)<sup>*<\/sup><\/label>\n                <span class=\"currencySymbol\"> RON <\/span>\n                <input type=\"number\" name=\"voucherAmount\" id=\"voucherAmount\" class=\"required\" min=\"100\" max=\"10000\">\n            <\/div>\n            <div class=\"form-group\">\n                <label for=\"voucherMessage\">Personal Message (Optional) (Max: 250 Characters)<\/label>\n                <textarea name=\"voucherMessage\" id=\"voucherMessage\" maxlength=\"250\"><\/textarea>\n                <div class=\"maxchar\"><\/div><div class=\"voucher-quotes\" id=\"voucher-quotes\" style=\"font-size: 12px;margin: 5px 0 0; font-style: italic;\">\n            <span>Quotes:<\/span>\n            <style>\n              \/* spacing and hover effect for voucher description suggestions *\/\n              #voucher-multistep-form .voucher-quotes ul li {\n                margin: 5px 0;\n                cursor: pointer;\n              }\n              #voucher-multistep-form .voucher-quotes ul li:hover {\n                box-shadow: 2px 2px 5px rgba(0,0,0,0.1);\n              }\n              #voucher-multistep-form .voucher-quotes .show-more-quotes {\n                display: inline-block; margin-top: 6px; font-style: normal; cursor: pointer; color: #0073aa;\n              }\n              #voucher-multistep-form .voucher-quotes .show-more-quotes:hover {\n                text-decoration: underline;\n              }\n            <\/style>\n            <ul style=\"margin: 5px 0 0 18px; padding: 0;\"><li class=\"quote-item\" style=\"background-color: rgba(39,133,117,0.08);  padding: 4px 6px; list-style: none;border-left: 3px solid #278575; border-radius: 3px; cursor: pointer;\">La mul\u021bi ani! \u00ce\u021bi doresc o zi plin\u0103 de bucurie \u0219i r\u00e2sete.<\/li><li class=\"quote-item\" style=\"background-color: rgba(39,133,117,0.16);  padding: 4px 6px; list-style: none;border-left: 3px solid #278575; border-radius: 3px; cursor: pointer;\">Felicit\u0103ri pentru ziua ta special\u0103! Bucur\u0103-te de acest mic cadou.<\/li><li class=\"quote-item\" style=\"background-color: rgba(39,133,117,0.08);  padding: 4px 6px; list-style: none;border-left: 3px solid #278575; border-radius: 3px; cursor: pointer;\">\u00ce\u021bi mul\u021bumesc pentru tot ce faci. Sper s\u0103-\u021bi plac\u0103 acest cadou!<\/li><li class=\"quote-item\" style=\"background-color: rgba(39,133,117,0.16);  padding: 4px 6px; list-style: none;border-left: 3px solid #278575; border-radius: 3px; cursor: pointer;\">\u00ce\u021bi doresc toate cele bune - fie ca acest cadou s\u0103-\u021bi aduc\u0103 un z\u00e2mbet pe fa\u021b\u0103!<\/li><li class=\"quote-item\" style=\"background-color: rgba(39,133,117,0.08);  padding: 4px 6px; list-style: none;border-left: 3px solid #278575; border-radius: 3px; cursor: pointer;\">Cu dragoste \u0219i ur\u0103ri c\u0103lduroase - bucur\u0103-te de fiecare clip\u0103!<\/li><\/ul><\/div>\n            <\/div>\n        <\/div>\n        <div class=\"sideview secondRight secondRightDiv voucherstyle1\">\n        <div class=\"cardDiv\">\n            <div class=\"cardImgTop\">\n                <img decoding=\"async\" class=\"uk-thumbnail\" src=\"https:\/\/kayaholistic.ro\/cotroceni\/wp-content\/plugins\/gift-voucher\/assets\/img\/demo.png\">\n            <\/div>\n            <div class=\"voucherBottomDiv\">\n                <h2>Gift Voucher<\/h2>\n                <div class=\"uk-form-row\">\n                    <div class=\"nameFormLeft\">\n                        <label>Your Name<\/label>\n                        <input type=\"text\" name=\"forNameCard\" class=\"forNameCard\" readonly>\n                    <\/div>\n                    <div class=\"nameFormRight\">\n                        <label>Recipient Name<\/label>\n                        <input type=\"text\" name=\"fromNameCard\" class=\"fromNameCard\" readonly>\n                    <\/div>\n                    <div class=\"voucherValueForm\">\n                        <label>Voucher Value<\/label>\n                        <span class=\"currencySymbol\"> RON <\/span>\n                        <input type=\"text\" name=\"voucherValueCard\" class=\"voucherValueCard\" readonly>\n                    <\/div>\n                    <div class=\"messageForm\">\n                        <label>Personal Message<\/label>\n                        <textarea name=\"personalMessageCard\" class=\"personalMessageCard\" readonly><\/textarea>\n                    <\/div>\n                    <div class=\"expiryFormLeft\">\n                        <label>Date of Expiry<\/label>\n                        <input type=\"text\" name=\"expiryCard\" class=\"expiryCard\" value=\"18.04.2027\n\" readonly>\n                    <\/div>\n                    <div class=\"codeFormRight\">\n                        <label>Coupon Code<\/label>\n                        <input type=\"text\" name=\"codeCard\" class=\"codeCard\" readonly>\n                    <\/div>\n                    <div class=\"clearfix\"><\/div>\n                    <div class=\"voucherSiteInfo\"><a href=\"https:\/\/kayaholistic.ro\/cotroceni\">https:\/\/kayaholistic.ro\/cotroceni<\/a> | <a href=\"mailto:http:\/\/contact@kayaholistic.ro\">contact@kayaholistic.ro<\/a><\/div>\n                    <div class=\"termsCard\">* Valabil cu actul de identitate. Nerambursabil.<\/div>\n                <\/div><\/div><\/div>\n        <\/div>\n        <\/div>\n    <\/fieldset><h3>Payment<\/h3>\n    <fieldset>\n        <legend>Payment<\/legend><div class=\"voucher-row\"><div class=\"voucherform secondLeft\">\n            <input type=\"hidden\" name=\"shipping\" id=\"shipping\" value=\"shipping_as_email\">\n            <div class=\"form-group\" id=\"wpgv-shipping_email\">\n                <label for=\"shipping_email\">Send the voucher to recipient email here<\/label>\n                <input type=\"email\" name=\"shipping_email\" id=\"shipping_email\" class=\"form-field required\">\n            <\/div>\n            <div class=\"form-group\">\n                <label for=\"voucherEmail\">Your email address (for the receipt)<\/label>\n                <input type=\"email\" name=\"voucherEmail\" id=\"voucherEmail\" class=\"form-field required\">\n            <\/div><div class=\"form-group paymentcount1\">\n                <label for=\"voucherPayment\">Payment Method <sup>*<\/sup><\/label><select name=\"voucherPayment\" id=\"voucherPayment\" class=\"required\"><option value=\"Stripe\">Stripe<\/option><\/select>\n            <\/div>\n            <div class=\"order_details_preview\">\n                <h3>Your Order<\/h3>\n                <div class=\"wpgv_preview_box\">\n                    <div>\n                        <h4 class=\"wpgv-itemtitle\">-<\/h4>\n                        <span>Your Name: <i id=\"autoyourname\"><\/i><\/span>\n                    <\/div>\n                    <div id=\"itemprice\"> <span><\/span> RON<\/div>\n                <\/div>\n                <div class=\"wpgv_shipping_box\">\n                    <div>\n                        <h4>Shipping<\/h4>\n                    <\/div>\n                    <div id=\"shippingprice\"> <span><\/span> RON<\/div>\n                <\/div>\n                \n                <div class=\"wpgv_total_box\">\n                    <div>\n                        <h4><b>Total<\/b><\/h4>\n                    <\/div>\n                    <div id=\"totalprice\"><b> <span><\/span> RON<\/b><\/div>\n                <\/div>\n            <\/div>\n    \t<\/div>\n    \t<div class=\"sideview secondRight secondRightDiv voucherstyle1\">\n        <div class=\"cardDiv\">\n            <div class=\"cardImgTop\">\n                <img decoding=\"async\" class=\"uk-thumbnail\" src=\"https:\/\/kayaholistic.ro\/cotroceni\/wp-content\/plugins\/gift-voucher\/assets\/img\/demo.png\">\n            <\/div>\n            <div class=\"voucherBottomDiv\">\n                <h2>Gift Voucher<\/h2>\n                <div class=\"uk-form-row\">\n                    <div class=\"nameFormLeft\">\n                        <label>Your Name<\/label>\n                        <input type=\"text\" name=\"forNameCard\" class=\"forNameCard\" readonly>\n                    <\/div>\n                    <div class=\"nameFormRight\">\n                        <label>Recipient Name<\/label>\n                        <input type=\"text\" name=\"fromNameCard\" class=\"fromNameCard\" readonly>\n                    <\/div>\n                    <div class=\"voucherValueForm\">\n                        <label>Voucher Value<\/label>\n                        <span class=\"currencySymbol\"> RON <\/span>\n                        <input type=\"text\" name=\"voucherValueCard\" class=\"voucherValueCard\" readonly>\n                    <\/div>\n                    <div class=\"messageForm\">\n                        <label>Personal Message<\/label>\n                        <textarea name=\"personalMessageCard\" class=\"personalMessageCard\" readonly><\/textarea>\n                    <\/div>\n                    <div class=\"expiryFormLeft\">\n                        <label>Date of Expiry<\/label>\n                        <input type=\"text\" name=\"expiryCard\" class=\"expiryCard\" value=\"18.04.2027\n\" readonly>\n                    <\/div>\n                    <div class=\"codeFormRight\">\n                        <label>Coupon Code<\/label>\n                        <input type=\"text\" name=\"codeCard\" class=\"codeCard\" readonly>\n                    <\/div>\n                    <div class=\"clearfix\"><\/div>\n                    <div class=\"voucherSiteInfo\"><a href=\"https:\/\/kayaholistic.ro\/cotroceni\">https:\/\/kayaholistic.ro\/cotroceni<\/a> | <a href=\"mailto:http:\/\/contact@kayaholistic.ro\">contact@kayaholistic.ro<\/a><\/div>\n                    <div class=\"termsCard\">* Valabil cu actul de identitate. Nerambursabil.<\/div>\n                <\/div><\/div><\/div>\n        <\/div>\n        <\/div>\n    <\/fieldset>\n\n    <h3>Overview<\/h3>\n    <fieldset>\n    \t<legend>Overview<\/legend><div class=\"voucher-row\">\n\t\t<div class=\"voucherform secondLeft\">\n\t\t\t<div class=\"paymentUserInfo\">\n                <div class=\"full\">\n                    <div class=\"labelInfo\">Voucher Value<\/div>\n                    <div class=\"voucherAmountInfo\"> <span><\/span> RON<\/div>\n                <\/div>\n                <div class=\"half\">\n                    <div class=\"labelInfo\">Your Name<\/div>\n                    <div class=\"voucherYourNameInfo\"><\/div>\n                <\/div>\n                <div class=\"half\">\n                    <div class=\"labelInfo\">Recipient Name<\/div>\n                    <div class=\"voucherReceiverInfo\"><\/div>\n                <\/div>\n                <div class=\"full\">\n                    <div class=\"labelInfo\">Personal Message<\/div>\n                    <div class=\"voucherMessageInfo\"><\/div>\n                <\/div><div class=\"clearfix\"><\/div>\n                <div class=\"clearfix\"><\/div>\n\t\t\t\t<hr>\n                <div class=\"full\">\n                    <div class=\"labelInfo\">Shipping<\/div>\n                    <div class=\"voucherShippingInfo\">Shipping via Email<\/div>\n                <\/div>\n                <div class=\"full shippingasemail\">\n                    <div class=\"labelInfo\">Send the voucher to recipient email here<\/div>\n                    <div class=\"voucherShippingEmailInfo\"><\/div>\n                <\/div>\n                <div class=\"full\">\n                    <div class=\"labelInfo\">Your email address (for the receipt)<\/div>\n                    <div class=\"voucherEmailInfo\"><\/div>\n                <\/div>\n                <div class=\"half shippingaspost\">\n                    <div class=\"labelInfo\">First Name<\/div>\n                    <div class=\"voucherFirstNameInfo\"><\/div>\n                <\/div>\n                <div class=\"half shippingaspost\">\n                    <div class=\"labelInfo\">Last Name<\/div>\n                    <div class=\"voucherLastNameInfo\"><\/div>\n                <\/div>\n                <div class=\"full shippingaspost\">\n                    <div class=\"labelInfo\">Address<\/div>\n                    <div class=\"voucherAddressInfo\"><\/div>\n                <\/div>\n                <div class=\"full shippingaspost\">\n                    <div class=\"labelInfo\">Postcode<\/div>\n                    <div class=\"voucherPincodeInfo\"><\/div>\n                <\/div>\n                <div class=\"full shippingaspost\">\n                    <div class=\"labelInfo\">Shipping method<\/div>\n                    <div class=\"voucherShippingMethodInfo\"><\/div>\n                <\/div>\n                <div class=\"full paymentcount1\">\n                    <div class=\"labelInfo\">Payment Method<\/div>\n                    <div class=\"voucherPaymentInfo\"><\/div>\n                <\/div>\n\t\t\t\t<hr>\n\t\t\t\t<div class=\"acceptVoucherTerms\">\n\t\t\t\t\t<label><input type=\"checkbox\" class=\"required\" name=\"acceptVoucherTerms\"> Sunt de acord cu termenii \u0219i condi\u021biile. https:\/\/kayaholistic.ro\/cotroceni\/termeni-si-conditii\/<\/label>\n\t\t\t\t<\/div>\n\t\t\t\t<div class=\"voucherNote\">Voucherul electronic trebuie prezentat la recep\u021bie al\u0103turi de un act de identitate valid. Voucherul este nominal, a\u0219a c\u0103 te invit\u0103m s\u0103 completezi formularul cu aten\u021bie! Dup\u0103 ce Gift Card-ul a fost cump\u0103rat, \u00ee\u021bi vom trimite pe email confirmarea \u00eempreun\u0103 cu voucherul digital.<\/div>\n\t\t\t\t<button type=\"button\" id=\"voucherPaymentButton\" name=\"finalPayment\">Pay Now -  <span><\/span> RON<\/button>\n\t\t\t<\/div>\n    \t<\/div>\n    \t<div class=\"sideview secondRight secondRightDiv voucherstyle1\">\n        <div class=\"cardDiv\">\n            <div class=\"cardImgTop\">\n                <img decoding=\"async\" class=\"uk-thumbnail\" src=\"https:\/\/kayaholistic.ro\/cotroceni\/wp-content\/plugins\/gift-voucher\/assets\/img\/demo.png\">\n            <\/div>\n            <div class=\"voucherBottomDiv\">\n                <h2>Gift Voucher<\/h2>\n                <div class=\"uk-form-row\">\n                    <div class=\"nameFormLeft\">\n                        <label>Your Name<\/label>\n                        <input type=\"text\" name=\"forNameCard\" class=\"forNameCard\" readonly>\n                    <\/div>\n                    <div class=\"nameFormRight\">\n                        <label>Recipient Name<\/label>\n                        <input type=\"text\" name=\"fromNameCard\" class=\"fromNameCard\" readonly>\n                    <\/div>\n                    <div class=\"voucherValueForm\">\n                        <label>Voucher Value<\/label>\n                        <span class=\"currencySymbol\"> RON <\/span>\n                        <input type=\"text\" name=\"voucherValueCard\" class=\"voucherValueCard\" readonly>\n                    <\/div>\n                    <div class=\"messageForm\">\n                        <label>Personal Message<\/label>\n                        <textarea name=\"personalMessageCard\" class=\"personalMessageCard\" readonly><\/textarea>\n                    <\/div>\n                    <div class=\"expiryFormLeft\">\n                        <label>Date of Expiry<\/label>\n                        <input type=\"text\" name=\"expiryCard\" class=\"expiryCard\" value=\"18.04.2027\n\" readonly>\n                    <\/div>\n                    <div class=\"codeFormRight\">\n                        <label>Coupon Code<\/label>\n                        <input type=\"text\" name=\"codeCard\" class=\"codeCard\" readonly>\n                    <\/div>\n                    <div class=\"clearfix\"><\/div>\n                    <div class=\"voucherSiteInfo\"><a href=\"https:\/\/kayaholistic.ro\/cotroceni\">https:\/\/kayaholistic.ro\/cotroceni<\/a> | <a href=\"mailto:http:\/\/contact@kayaholistic.ro\">contact@kayaholistic.ro<\/a><\/div>\n                    <div class=\"termsCard\">* Valabil cu actul de identitate. Nerambursabil.<\/div>\n                <\/div><\/div><\/div>\n        <\/div><div class=\"voucherPreviewButton\"><button type=\"button\" data-fullurl=\"\" data-src=\"https:\/\/kayaholistic.ro\/cotroceni\/voucher-pdf-preview\" target=\"_blank\">Show Preview as PDF<\/button><\/div><\/div>\n    <\/fieldset>\n<\/form><style><\/style>\n\n\n\n<p>Alege un <strong>Gift Card Kaya Holistic<\/strong> pentru cei dragi!<br>Selecteaz\u0103 suma preferat\u0103, completeaz\u0103 formularul \u0219i f\u0103 un cadou special persoanelor importante din via\u021ba ta!<\/p>\n\n\n\n<p>Voucherul electronic trebuie prezentat la recep\u021bie al\u0103turi de un act de identitate valid.<br>Voucherul este nominal, a\u0219a c\u0103 te invit\u0103m s\u0103 completezi formularul cu aten\u021bie!<\/p>\n\n\n\n<p>Dup\u0103 ce GiftCard-ul a fost cump\u0103rat, \u00ee\u021bi vom trimite pe email confirmarea \u00eempreun\u0103 cu voucherul digital.<\/p>\n","protected":false},"excerpt":{"rendered":"<p>Alege un Gift Card Kaya Holistic pentru cei dragi!Selecteaz\u0103 suma preferat\u0103, completeaz\u0103 formularul \u0219i f\u0103 un cadou special persoanelor importante [&hellip;]<\/p>\n","protected":false},"author":1,"featured_media":29945,"parent":0,"menu_order":31,"comment_status":"closed","ping_status":"closed","template":"","meta":{"_acf_changed":false,"site-sidebar-layout":"default","site-content-layout":"","ast-site-content-layout":"default","site-content-style":"default","site-sidebar-style":"default","ast-global-header-display":"","ast-banner-title-visibility":"","ast-main-header-display":"","ast-hfb-above-header-display":"","ast-hfb-below-header-display":"","ast-hfb-mobile-header-display":"","site-post-title":"","ast-breadcrumbs-content":"","ast-featured-img":"","footer-sml-layout":"","ast-disable-related-posts":"","theme-transparent-header-meta":"","adv-header-id-meta":"","stick-header-meta":"","header-above-stick-meta":"","header-main-stick-meta":"","header-below-stick-meta":"","astra-migrate-meta-layouts":"set","ast-page-background-enabled":"default","ast-page-background-meta":{"desktop":{"background-color":"","background-image":"","background-repeat":"repeat","background-position":"center center","background-size":"auto","background-attachment":"scroll","background-type":"","background-media":"","overlay-type":"","overlay-color":"","overlay-opacity":"","overlay-gradient":""},"tablet":{"background-color":"","background-image":"","background-repeat":"repeat","background-position":"center center","background-size":"auto","background-attachment":"scroll","background-type":"","background-media":"","overlay-type":"","overlay-color":"","overlay-opacity":"","overlay-gradient":""},"mobile":{"background-color":"","background-image":"","background-repeat":"repeat","background-position":"center center","background-size":"auto","background-attachment":"scroll","background-type":"","background-media":"","overlay-type":"","overlay-color":"","overlay-opacity":"","overlay-gradient":""}},"ast-content-background-meta":{"desktop":{"background-color":"var(--ast-global-color-5)","background-image":"","background-repeat":"repeat","background-position":"center center","background-size":"auto","background-attachment":"scroll","background-type":"","background-media":"","overlay-type":"","overlay-color":"","overlay-opacity":"","overlay-gradient":""},"tablet":{"background-color":"var(--ast-global-color-5)","background-image":"","background-repeat":"repeat","background-position":"center center","background-size":"auto","background-attachment":"scroll","background-type":"","background-media":"","overlay-type":"","overlay-color":"","overlay-opacity":"","overlay-gradient":""},"mobile":{"background-color":"var(--ast-global-color-5)","background-image":"","background-repeat":"repeat","background-position":"center center","background-size":"auto","background-attachment":"scroll","background-type":"","background-media":"","overlay-type":"","overlay-color":"","overlay-opacity":"","overlay-gradient":""}},"footnotes":""},"class_list":["post-26515","page","type-page","status-publish","has-post-thumbnail","hentry"],"acf":[],"_links":{"self":[{"href":"https:\/\/kayaholistic.ro\/cotroceni\/en\/wp-json\/wp\/v2\/pages\/26515","targetHints":{"allow":["GET"]}}],"collection":[{"href":"https:\/\/kayaholistic.ro\/cotroceni\/en\/wp-json\/wp\/v2\/pages"}],"about":[{"href":"https:\/\/kayaholistic.ro\/cotroceni\/en\/wp-json\/wp\/v2\/types\/page"}],"author":[{"embeddable":true,"href":"https:\/\/kayaholistic.ro\/cotroceni\/en\/wp-json\/wp\/v2\/users\/1"}],"replies":[{"embeddable":true,"href":"https:\/\/kayaholistic.ro\/cotroceni\/en\/wp-json\/wp\/v2\/comments?post=26515"}],"version-history":[{"count":1,"href":"https:\/\/kayaholistic.ro\/cotroceni\/en\/wp-json\/wp\/v2\/pages\/26515\/revisions"}],"predecessor-version":[{"id":33648,"href":"https:\/\/kayaholistic.ro\/cotroceni\/en\/wp-json\/wp\/v2\/pages\/26515\/revisions\/33648"}],"wp:featuredmedia":[{"embeddable":true,"href":"https:\/\/kayaholistic.ro\/cotroceni\/en\/wp-json\/wp\/v2\/media\/29945"}],"wp:attachment":[{"href":"https:\/\/kayaholistic.ro\/cotroceni\/en\/wp-json\/wp\/v2\/media?parent=26515"}],"curies":[{"name":"wp","href":"https:\/\/api.w.org\/{rel}","templated":true}]}}